{"id":1032,"date":"2020-10-08T07:31:03","date_gmt":"2020-10-08T07:31:03","guid":{"rendered":"https:\/\/caffe24k.it\/spedizioni\/"},"modified":"2020-10-29T15:06:33","modified_gmt":"2020-10-29T15:06:33","slug":"shipping","status":"publish","type":"page","link":"https:\/\/caffe24k.it\/en\/shipping\/","title":{"rendered":"Shipping"},"content":{"rendered":"<hr class=\"no_line\" style=\"margin:0 auto 200px\"\/>\n\n<hr class=\"topline\">\n<h1 class=\"divider\" style=\"text-align: center\">SPEDIZIONI<\/h1>\n<p><hr class=\"no_line\" style=\"margin:0 auto 20px\"\/>\n<br \/>\nI Prodotti sono consegnati all&#8217;indirizzo indicato dal Cliente al momento dell&#8217;ordine.<\/p>\n<p><strong>LA CONSEGNA A DOMICILIO<\/strong><br \/>\n<strong>Caffe 24k<\/strong> affida le proprie spedizioni a .<br \/>\nLa consegna a domicilio \u00e8 fatta dai vettori partner .<br \/>\nIl Cliente ha la possibilit\u00e0 di scegliere la consegna ad un altro indirizzo. \u00c9 sufficiente indicare il nuovo indirizzo nel momento dell&#8217;ordine.<\/p>\n<p>Ecco il dettaglio delle spese di spedizione:<\/p>\n<p><strong>Ricevimento Merci<\/strong><br \/>\nAl ricevimento della merce attenetevi scrupolosamente a quanto segue:<br \/>\n<strong>1.<\/strong> controllate che il numero di colli ricevuti corrisponda al numero dei colli indicati nella distinta che state firmando.<br \/>\n<strong>2.<\/strong> controllare l\u2019integrit\u00e0 del pacco ed in caso di manomissione e\/o rotture apponete la dicitura \u201caccetto con riserva di controllo\u201d indicando la motivazione.<br \/>\n<strong>3.<\/strong> in caso di accettazione del pacco con apposta la dicitura \u201caccetto con riserva di controllo\u201d si prega di fotografare dettagliatamente il pacco prima e dopo l\u2019apertura dello stesso ed inviarci le relative immagini a <a href=\"mailto:info@caffe24k.it\">info@caffe24k.it<\/a>.<br \/>\nSolo cosi sar\u00e0 possibile avanzare eventuali reclami al corriere.<\/p>\n<hr class=\"no_line\" style=\"margin:0 auto 80px\"\/>\n\n","protected":false},"excerpt":{"rendered":"<p>SPEDIZIONI I Prodotti sono consegnati all&#8217;indirizzo indicato dal Cliente al momento dell&#8217;ordine. LA CONSEGNA A DOMICILIO Caffe 24k affida le proprie spedizioni a . La consegna a domicilio \u00e8 fatta dai vettori partner . Il Cliente ha la possibilit\u00e0 di scegliere la consegna ad un altro indirizzo. \u00c9 sufficiente indicare<span class=\"excerpt-hellip\"> [\u2026]<\/span><\/p>\n","protected":false},"author":1,"featured_media":0,"parent":0,"menu_order":0,"comment_status":"closed","ping_status":"closed","template":"","meta":[],"yoast_head":"<!-- This site is optimized with the Yoast SEO plugin v17.0 - https:\/\/yoast.com\/wordpress\/plugins\/seo\/ -->\n<title>Shipping - Caff\u00e8 24K<\/title>\n<meta name=\"robots\" content=\"index, follow, max-snippet:-1, max-image-preview:large, max-video-preview:-1\" \/>\n<link rel=\"canonical\" href=\"https:\/\/caffe24k.it\/en\/shipping\/\" \/>\n<meta property=\"og:locale\" content=\"en_US\" \/>\n<meta property=\"og:type\" content=\"article\" \/>\n<meta property=\"og:title\" content=\"Shipping - Caff\u00e8 24K\" \/>\n<meta property=\"og:description\" content=\"SPEDIZIONI I Prodotti sono consegnati all&#8217;indirizzo indicato dal Cliente al momento dell&#8217;ordine. LA CONSEGNA A DOMICILIO Caffe 24k affida le proprie spedizioni a . La consegna a domicilio \u00e8 fatta dai vettori partner . Il Cliente ha la possibilit\u00e0 di scegliere la consegna ad un altro indirizzo. \u00c9 sufficiente indicare [\u2026]\" \/>\n<meta property=\"og:url\" content=\"https:\/\/caffe24k.it\/en\/shipping\/\" \/>\n<meta property=\"og:site_name\" content=\"Caff\u00e8 24K\" \/>\n<meta property=\"article:modified_time\" content=\"2020-10-29T15:06:33+00:00\" \/>\n<meta name=\"twitter:card\" content=\"summary_large_image\" \/>\n<meta name=\"twitter:label1\" content=\"Est. reading time\" \/>\n\t<meta name=\"twitter:data1\" content=\"1 minute\" \/>\n<script type=\"application\/ld+json\" class=\"yoast-schema-graph\">{\"@context\":\"https:\/\/schema.org\",\"@graph\":[{\"@type\":\"WebSite\",\"@id\":\"https:\/\/caffe24k.it\/#website\",\"url\":\"https:\/\/caffe24k.it\/\",\"name\":\"Caff\\u00e8 24K\",\"description\":\"Special Golden Coffee\",\"potentialAction\":[{\"@type\":\"SearchAction\",\"target\":{\"@type\":\"EntryPoint\",\"urlTemplate\":\"https:\/\/caffe24k.it\/?s={search_term_string}\"},\"query-input\":\"required name=search_term_string\"}],\"inLanguage\":\"en-US\"},{\"@type\":\"WebPage\",\"@id\":\"https:\/\/caffe24k.it\/en\/shipping\/#webpage\",\"url\":\"https:\/\/caffe24k.it\/en\/shipping\/\",\"name\":\"Shipping - Caff\\u00e8 24K\",\"isPartOf\":{\"@id\":\"https:\/\/caffe24k.it\/#website\"},\"datePublished\":\"2020-10-08T07:31:03+00:00\",\"dateModified\":\"2020-10-29T15:06:33+00:00\",\"breadcrumb\":{\"@id\":\"https:\/\/caffe24k.it\/en\/shipping\/#breadcrumb\"},\"inLanguage\":\"en-US\",\"potentialAction\":[{\"@type\":\"ReadAction\",\"target\":[\"https:\/\/caffe24k.it\/en\/shipping\/\"]}]},{\"@type\":\"BreadcrumbList\",\"@id\":\"https:\/\/caffe24k.it\/en\/shipping\/#breadcrumb\",\"itemListElement\":[{\"@type\":\"ListItem\",\"position\":1,\"name\":\"Home\",\"item\":\"https:\/\/caffe24k.it\/en\/\"},{\"@type\":\"ListItem\",\"position\":2,\"name\":\"Shipping\"}]}]}<\/script>\n<!-- \/ Yoast SEO plugin. -->","yoast_head_json":{"title":"Shipping - Caff\u00e8 24K","robots":{"index":"index","follow":"follow","max-snippet":"max-snippet:-1","max-image-preview":"max-image-preview:large","max-video-preview":"max-video-preview:-1"},"canonical":"https:\/\/caffe24k.it\/en\/shipping\/","og_locale":"en_US","og_type":"article","og_title":"Shipping - Caff\u00e8 24K","og_description":"SPEDIZIONI I Prodotti sono consegnati all&#8217;indirizzo indicato dal Cliente al momento dell&#8217;ordine. LA CONSEGNA A DOMICILIO Caffe 24k affida le proprie spedizioni a . La consegna a domicilio \u00e8 fatta dai vettori partner . Il Cliente ha la possibilit\u00e0 di scegliere la consegna ad un altro indirizzo. \u00c9 sufficiente indicare [\u2026]","og_url":"https:\/\/caffe24k.it\/en\/shipping\/","og_site_name":"Caff\u00e8 24K","article_modified_time":"2020-10-29T15:06:33+00:00","twitter_card":"summary_large_image","twitter_misc":{"Est. reading time":"1 minute"},"schema":{"@context":"https:\/\/schema.org","@graph":[{"@type":"WebSite","@id":"https:\/\/caffe24k.it\/#website","url":"https:\/\/caffe24k.it\/","name":"Caff\u00e8 24K","description":"Special Golden Coffee","potentialAction":[{"@type":"SearchAction","target":{"@type":"EntryPoint","urlTemplate":"https:\/\/caffe24k.it\/?s={search_term_string}"},"query-input":"required name=search_term_string"}],"inLanguage":"en-US"},{"@type":"WebPage","@id":"https:\/\/caffe24k.it\/en\/shipping\/#webpage","url":"https:\/\/caffe24k.it\/en\/shipping\/","name":"Shipping - Caff\u00e8 24K","isPartOf":{"@id":"https:\/\/caffe24k.it\/#website"},"datePublished":"2020-10-08T07:31:03+00:00","dateModified":"2020-10-29T15:06:33+00:00","breadcrumb":{"@id":"https:\/\/caffe24k.it\/en\/shipping\/#breadcrumb"},"inLanguage":"en-US","potentialAction":[{"@type":"ReadAction","target":["https:\/\/caffe24k.it\/en\/shipping\/"]}]},{"@type":"BreadcrumbList","@id":"https:\/\/caffe24k.it\/en\/shipping\/#breadcrumb","itemListElement":[{"@type":"ListItem","position":1,"name":"Home","item":"https:\/\/caffe24k.it\/en\/"},{"@type":"ListItem","position":2,"name":"Shipping"}]}]}},"_links":{"self":[{"href":"https:\/\/caffe24k.it\/en\/wp-json\/wp\/v2\/pages\/1032"}],"collection":[{"href":"https:\/\/caffe24k.it\/en\/wp-json\/wp\/v2\/pages"}],"about":[{"href":"https:\/\/caffe24k.it\/en\/wp-json\/wp\/v2\/types\/page"}],"author":[{"embeddable":true,"href":"https:\/\/caffe24k.it\/en\/wp-json\/wp\/v2\/users\/1"}],"replies":[{"embeddable":true,"href":"https:\/\/caffe24k.it\/en\/wp-json\/wp\/v2\/comments?post=1032"}],"version-history":[{"count":1,"href":"https:\/\/caffe24k.it\/en\/wp-json\/wp\/v2\/pages\/1032\/revisions"}],"predecessor-version":[{"id":1042,"href":"https:\/\/caffe24k.it\/en\/wp-json\/wp\/v2\/pages\/1032\/revisions\/1042"}],"wp:attachment":[{"href":"https:\/\/caffe24k.it\/en\/wp-json\/wp\/v2\/media?parent=1032"}],"curies":[{"name":"wp","href":"https:\/\/api.w.org\/{rel}","templated":true}]}}